{"id":572,"date":"2022-12-23T09:48:24","date_gmt":"2022-12-23T08:48:24","guid":{"rendered":"https:\/\/lesgodillots.fr\/Wordpress\/?page_id=572"},"modified":"2026-01-11T19:44:09","modified_gmt":"2026-01-11T18:44:09","slug":"bureau","status":"publish","type":"page","link":"https:\/\/lesgodillots.fr\/?page_id=572","title":{"rendered":"Bureau"},"content":{"rendered":"\t\t<div data-elementor-type=\"wp-page\" data-elementor-id=\"572\" class=\"elementor elementor-572\">\n\t\t\t\t\t\t<section class=\"elementor-section elementor-top-section elementor-element elementor-element-fbb513e elementor-section-boxed elementor-section-height-default elementor-section-height-default\" data-id=\"fbb513e\" data-element_type=\"section\" data-e-type=\"section\">\n\t\t\t\t\t\t<div class=\"elementor-container elementor-column-gap-default\">\n\t\t\t\t\t<div class=\"elementor-column elementor-col-100 elementor-top-column elementor-element elementor-element-1021dfc\" data-id=\"1021dfc\" data-element_type=\"column\" data-e-type=\"column\">\n\t\t\t<div class=\"elementor-widget-wrap elementor-element-populated\">\n\t\t\t\t\t\t<div class=\"elementor-element elementor-element-f14421d elementor-widget elementor-widget-text-editor\" data-id=\"f14421d\" data-element_type=\"widget\" data-e-type=\"widget\" data-widget_type=\"text-editor.default\">\n\t\t\t\t<div class=\"elementor-widget-container\">\n\t\t\t\t\t\t\t\t\t<ul><li>Pr\u00e9sident : Philippe Lacan<\/li><li>Tr\u00e9sorier : Jean-Jacques Gantheil<\/li><li>Tr\u00e9sorier adjoint : Catherine Lacan<\/li><li>Secr\u00e9taire : Marie-Odile Viaud<\/li><li>Secr\u00e9taire adjointe : Martine Ragonneau<\/li><\/ul>\t\t\t\t\t\t\t\t<\/div>\n\t\t\t\t<\/div>\n\t\t\t\t\t<\/div>\n\t\t<\/div>\n\t\t\t\t\t<\/div>\n\t\t<\/section>\n\t\t\t\t<\/div>\n\t\t","protected":false},"excerpt":{"rendered":"<p>Pr\u00e9sident : Philippe Lacan Tr\u00e9sorier : Jean-Jacques Gantheil Tr\u00e9sorier adjoint : Catherine Lacan Secr\u00e9taire : Marie-Odile Viaud Secr\u00e9taire adjointe : Martine Ragonneau<\/p>\n","protected":false},"author":1,"featured_media":0,"parent":0,"menu_order":0,"comment_status":"closed","ping_status":"closed","template":"","meta":{"inspiro_hide_title":false,"footnotes":""},"class_list":["post-572","page","type-page","status-publish","hentry"],"_links":{"self":[{"href":"https:\/\/lesgodillots.fr\/index.php?rest_route=\/wp\/v2\/pages\/572","targetHints":{"allow":["GET"]}}],"collection":[{"href":"https:\/\/lesgodillots.fr\/index.php?rest_route=\/wp\/v2\/pages"}],"about":[{"href":"https:\/\/lesgodillots.fr\/index.php?rest_route=\/wp\/v2\/types\/page"}],"author":[{"embeddable":true,"href":"https:\/\/lesgodillots.fr\/index.php?rest_route=\/wp\/v2\/users\/1"}],"replies":[{"embeddable":true,"href":"https:\/\/lesgodillots.fr\/index.php?rest_route=%2Fwp%2Fv2%2Fcomments&post=572"}],"version-history":[{"count":20,"href":"https:\/\/lesgodillots.fr\/index.php?rest_route=\/wp\/v2\/pages\/572\/revisions"}],"predecessor-version":[{"id":1515,"href":"https:\/\/lesgodillots.fr\/index.php?rest_route=\/wp\/v2\/pages\/572\/revisions\/1515"}],"wp:attachment":[{"href":"https:\/\/lesgodillots.fr\/index.php?rest_route=%2Fwp%2Fv2%2Fmedia&parent=572"}],"curies":[{"name":"wp","href":"https:\/\/api.w.org\/{rel}","templated":true}]}}