{"id":1127,"date":"2023-01-23T14:38:27","date_gmt":"2023-01-23T13:38:27","guid":{"rendered":"https:\/\/lesgodillots.fr\/Wordpress\/?page_id=1127"},"modified":"2026-03-17T19:09:08","modified_gmt":"2026-03-17T18:09:08","slug":"mentions-legales","status":"publish","type":"page","link":"https:\/\/lesgodillots.fr\/?page_id=1127","title":{"rendered":"Mentions L\u00e9gales"},"content":{"rendered":"\t\t<div data-elementor-type=\"wp-page\" data-elementor-id=\"1127\" class=\"elementor elementor-1127\">\n\t\t\t\t\t\t<section class=\"elementor-section elementor-top-section elementor-element elementor-element-4ae288da elementor-section-boxed elementor-section-height-default elementor-section-height-default\" data-id=\"4ae288da\" data-element_type=\"section\" data-e-type=\"section\">\n\t\t\t\t\t\t<div class=\"elementor-container elementor-column-gap-default\">\n\t\t\t\t\t<div class=\"elementor-column elementor-col-100 elementor-top-column elementor-element elementor-element-7771d511\" data-id=\"7771d511\" data-element_type=\"column\" data-e-type=\"column\">\n\t\t\t<div class=\"elementor-widget-wrap elementor-element-populated\">\n\t\t\t\t\t\t<div class=\"elementor-element elementor-element-53b02f9f elementor-widget elementor-widget-text-editor\" data-id=\"53b02f9f\" data-element_type=\"widget\" data-e-type=\"widget\" data-widget_type=\"text-editor.default\">\n\t\t\t\t<div class=\"elementor-widget-container\">\n\t\t\t\t\t\t\t\t\t\n<p><strong>Propri\u00e9taire du site<\/strong><\/p>\n\n<p>Les Godillots de Nouaill\u00e9<strong>.<\/strong><\/p>\n\n<p>Association loi 1901,\u00a0d\u00e9claration en pr\u00e9fecture de la Vienne le 11\/10\/2000,\u00a0affili\u00e9e \u00e0 la F\u00e9d\u00e9ration Fran\u00e7aise de Randonn\u00e9e.<\/p>\n\n<p>Si\u00e9ge social : Mairie de Nouaill\u00e9-Maupertuis, 34 rue de l\u2019Abbaye 86340 Nouaill\u00e9-Maupertuis.<\/p>\n\n<p>Directeur de publication : Jacques Bl\u00e9no<\/p>\n\n<p>Mail : <a href=\"mailto:godillots.de.nouaille@orange.fr\">godillots.de.nouaille@orange.fr<\/a><\/p>\n\n<p><strong>H\u00e9bergeur du site :<\/strong><\/p>\n\n<p>OVH<\/p>\n\n<p>\u00a0Si\u00e8ge social : 2 rue Kellermann &#8211; 59100 Roubaix &#8211; France<\/p>\n\n<p><strong>Cr\u00e9dits photographiques\u00a0<\/strong><\/p>\n\n<p>Les photographies figurant dans le site sont la propri\u00e9t\u00e9 de l\u2019association Les Godillots de Nouaill\u00e9.<\/p>\n\n<p><strong>Propri\u00e9t\u00e9s intellectuelles<\/strong><\/p>\n\n<p>Toute reproduction totale ou partielle de ce site, sans l\u2019autorisation de l\u2019association Les Godillots de Nouaill\u00e9, est interdite et constituerait une contrefa\u00e7on sanctionn\u00e9e par les articles L335-2 et suivants du code de propri\u00e9t\u00e9 intellectuelle.<\/p>\n\n<p class=\"has-text-align-right\"><em>Derni\u00e8re mise \u00e0 jour <\/em><em>: <\/em><em>18\/01\/2026<\/em><\/p>\n\t\t\t\t\t\t\t\t<\/div>\n\t\t\t\t<\/div>\n\t\t\t\t\t<\/div>\n\t\t<\/div>\n\t\t\t\t\t<\/div>\n\t\t<\/section>\n\t\t\t\t<\/div>\n\t\t","protected":false},"excerpt":{"rendered":"<p>Propri\u00e9taire du site Les Godillots de Nouaill\u00e9. Association loi 1901,\u00a0d\u00e9claration en pr\u00e9fecture de la Vienne le 11\/10\/2000,\u00a0affili\u00e9e \u00e0 la F\u00e9d\u00e9ration Fran\u00e7aise de Randonn\u00e9e. Si\u00e9ge social : Mairie de Nouaill\u00e9-Maupertuis, 34 rue de l\u2019Abbaye 86340 Nouaill\u00e9-Maupertuis. Directeur de publication : Jacques Bl\u00e9no Mail : godillots.de.nouaille@orange.fr H\u00e9bergeur du site : OVH \u00a0Si\u00e8ge social : 2 rue Kellermann &hellip; <\/p>\n<p class=\"link-more\"><a href=\"https:\/\/lesgodillots.fr\/?page_id=1127\" class=\"more-link\">Lire la suite de<span class=\"screen-reader-text\">\u00ab\u00a0Mentions L\u00e9gales\u00a0\u00bb<\/span><\/a><\/p>\n","protected":false},"author":1,"featured_media":0,"parent":0,"menu_order":0,"comment_status":"closed","ping_status":"closed","template":"","meta":{"inspiro_hide_title":false,"footnotes":""},"class_list":["post-1127","page","type-page","status-publish","hentry"],"_links":{"self":[{"href":"https:\/\/lesgodillots.fr\/index.php?rest_route=\/wp\/v2\/pages\/1127","targetHints":{"allow":["GET"]}}],"collection":[{"href":"https:\/\/lesgodillots.fr\/index.php?rest_route=\/wp\/v2\/pages"}],"about":[{"href":"https:\/\/lesgodillots.fr\/index.php?rest_route=\/wp\/v2\/types\/page"}],"author":[{"embeddable":true,"href":"https:\/\/lesgodillots.fr\/index.php?rest_route=\/wp\/v2\/users\/1"}],"replies":[{"embeddable":true,"href":"https:\/\/lesgodillots.fr\/index.php?rest_route=%2Fwp%2Fv2%2Fcomments&post=1127"}],"version-history":[{"count":10,"href":"https:\/\/lesgodillots.fr\/index.php?rest_route=\/wp\/v2\/pages\/1127\/revisions"}],"predecessor-version":[{"id":1544,"href":"https:\/\/lesgodillots.fr\/index.php?rest_route=\/wp\/v2\/pages\/1127\/revisions\/1544"}],"wp:attachment":[{"href":"https:\/\/lesgodillots.fr\/index.php?rest_route=%2Fwp%2Fv2%2Fmedia&parent=1127"}],"curies":[{"name":"wp","href":"https:\/\/api.w.org\/{rel}","templated":true}]}}